{"id":19714,"date":"2025-04-23T12:37:57","date_gmt":"2025-04-23T10:37:57","guid":{"rendered":"https:\/\/fedrs.eu\/?post_type=product&#038;p=19714"},"modified":"2025-09-17T13:52:17","modified_gmt":"2025-09-17T11:52:17","slug":"fedrs-ice-cool-hard-lime","status":"publish","type":"product","link":"https:\/\/dev.fedrs.eu\/fr\/shop\/fedrs-ice-cool-hard-lime\/","title":{"rendered":"FEDRS Ice Cool Hard Lime"},"content":{"rendered":"<p class=\"\" data-start=\"120\" data-end=\"355\"><strong data-start=\"120\" data-end=\"148\">FEDRS Ice Cool Hard Lime<\/strong> offre une explosion d&rsquo;agrumes croustillants avec un taux de nicotine ultra-fort de <strong data-start=\"216\" data-end=\"227\">65 mg\/g<\/strong>.<br data-start=\"228\" data-end=\"231\" \/>La saveur piquante du citron vert s&rsquo;associe parfaitement \u00e0 la fra\u00eecheur glac\u00e9e, cr\u00e9ant une sensation intense et rafra\u00eechissante d\u00e8s le premier sachet.<\/p>\n<p class=\"\" data-start=\"357\" data-end=\"397\">Parfait pour les utilisateurs exp\u00e9riment\u00e9s qui ont envie de :<\/p>\n<ul data-start=\"398\" data-end=\"488\">\n<li class=\"\" data-start=\"398\" data-end=\"425\">\n<p class=\"\" data-start=\"400\" data-end=\"425\">go\u00fbt audacieux d&rsquo;agrumes,<\/p>\n<\/li>\n<li class=\"\" data-start=\"426\" data-end=\"451\">\n<p class=\"\" data-start=\"428\" data-end=\"451\">la force maximale,<\/p>\n<\/li>\n<li class=\"\" data-start=\"452\" data-end=\"488\">\n<p class=\"\" data-start=\"454\" data-end=\"488\">et un coup de pied rafra\u00eechissant qui dure.<\/p>\n<\/li>\n<\/ul>\n","protected":false},"excerpt":{"rendered":"<p>FEDRS Ice Cool Hard Lime offre une explosion d&rsquo;agrumes croustillants avec un taux de nicotine ultra-fort de 65 mg\/g.La saveur piquante du citron vert s&rsquo;associe parfaitement<span class=\"excerpt-hellip\"> [\u2026]<\/span><\/p>\n","protected":false},"featured_media":19732,"comment_status":"open","ping_status":"closed","template":"","meta":{"googlesitekit_rrm_CAowmrG7DA:productID":""},"product_brand":[],"product_cat":[624,609,819,569,544],"product_tag":[],"class_list":{"0":"post-19714","1":"product","2":"type-product","3":"status-publish","4":"has-post-thumbnail","6":"product_cat-agrumes","7":"product_cat-nouveau","8":"product_cat-sachets-de-nicotine","9":"product_cat-fedrs-ice-cool-hard-fr","10":"product_cat-65-mg-g-fr","12":"first","13":"outofstock","14":"taxable","15":"shipping-taxable","16":"product-type-variable","17":"has-default-attributes"},"yoast_head":"<!-- This site is optimized with the Yoast SEO Premium plugin v26.5 (Yoast SEO v26.9) - https:\/\/yoast.com\/product\/yoast-seo-premium-wordpress\/ -->\n<title>FEDRS Ice Cool Hard Lime \u2013 Coup de fouet citronn\u00e9 &amp; 65 mg\/g<\/title>\n<meta name=\"description\" content=\"Un go\u00fbt intense de citron vert. FEDRS Ice Cool Lime est le choix ultime pour les amateurs d&#039;agrumes en qu\u00eate de puissance extr\u00eame\" \/>\n<meta name=\"robots\" content=\"noindex, follow, max-snippet:-1, max-image-preview:large, max-video-preview:-1\" \/>\n<meta property=\"og:locale\" content=\"fr_FR\" \/>\n<meta property=\"og:type\" content=\"article\" \/>\n<meta property=\"og:title\" content=\"FEDRS Ice Cool Hard Lime\" \/>\n<meta property=\"og:description\" content=\"Un go\u00fbt intense de citron vert. FEDRS Ice Cool Lime est le choix ultime pour les amateurs d&#039;agrumes en qu\u00eate de puissance extr\u00eame\" \/>\n<meta property=\"og:url\" content=\"https:\/\/dev.fedrs.eu\/fr\/shop\/fedrs-ice-cool-hard-lime\/\" \/>\n<meta property=\"og:site_name\" content=\"fedrs.eu\" \/>\n<meta property=\"article:modified_time\" content=\"2025-09-17T11:52:17+00:00\" \/>\n<meta property=\"og:image\" content=\"https:\/\/dev.fedrs.eu\/wp-content\/uploads\/2025\/04\/lime_hard_005-1.png\" \/>\n\t<meta property=\"og:image:width\" content=\"900\" \/>\n\t<meta property=\"og:image:height\" content=\"900\" \/>\n\t<meta property=\"og:image:type\" content=\"image\/png\" \/>\n<meta name=\"twitter:card\" content=\"summary_large_image\" \/>\n<meta name=\"twitter:label1\" content=\"Disponibilit\u00e9\" \/>\n\t<meta name=\"twitter:data1\" content=\"Rupture de stock\" \/>\n<script type=\"application\/ld+json\" class=\"yoast-schema-graph\">{\"@context\":\"https:\/\/schema.org\",\"@graph\":[{\"@type\":\"WebPage\",\"@id\":\"https:\/\/dev.fedrs.eu\/fr\/shop\/fedrs-ice-cool-hard-lime\/\",\"url\":\"https:\/\/dev.fedrs.eu\/fr\/shop\/fedrs-ice-cool-hard-lime\/\",\"name\":\"FEDRS Ice Cool Hard Lime \u2013 Coup de fouet citronn\u00e9 & 65 mg\/g\",\"isPartOf\":{\"@id\":\"https:\/\/dev.fedrs.eu\/fr\/#website\"},\"primaryImageOfPage\":{\"@id\":\"https:\/\/dev.fedrs.eu\/fr\/shop\/fedrs-ice-cool-hard-lime\/#primaryimage\"},\"image\":{\"@id\":\"https:\/\/dev.fedrs.eu\/fr\/shop\/fedrs-ice-cool-hard-lime\/#primaryimage\"},\"thumbnailUrl\":\"https:\/\/dev.fedrs.eu\/wp-content\/uploads\/2025\/04\/lime_hard_005-1.png\",\"datePublished\":\"2025-04-23T10:37:57+00:00\",\"dateModified\":\"2025-09-17T11:52:17+00:00\",\"description\":\"Un go\u00fbt intense de citron vert. FEDRS Ice Cool Lime est le choix ultime pour les amateurs d'agrumes en qu\u00eate de puissance extr\u00eame\",\"breadcrumb\":{\"@id\":\"https:\/\/dev.fedrs.eu\/fr\/shop\/fedrs-ice-cool-hard-lime\/#breadcrumb\"},\"inLanguage\":\"fr-FR\",\"potentialAction\":[{\"@type\":\"ReadAction\",\"target\":[\"https:\/\/dev.fedrs.eu\/fr\/shop\/fedrs-ice-cool-hard-lime\/\"]}]},{\"@type\":\"ImageObject\",\"inLanguage\":\"fr-FR\",\"@id\":\"https:\/\/dev.fedrs.eu\/fr\/shop\/fedrs-ice-cool-hard-lime\/#primaryimage\",\"url\":\"https:\/\/dev.fedrs.eu\/wp-content\/uploads\/2025\/04\/lime_hard_005-1.png\",\"contentUrl\":\"https:\/\/dev.fedrs.eu\/wp-content\/uploads\/2025\/04\/lime_hard_005-1.png\",\"width\":900,\"height\":900,\"caption\":\"Fedrs Ice Cool Hard Lime\"},{\"@type\":\"BreadcrumbList\",\"@id\":\"https:\/\/dev.fedrs.eu\/fr\/shop\/fedrs-ice-cool-hard-lime\/#breadcrumb\",\"itemListElement\":[{\"@type\":\"ListItem\",\"position\":1,\"name\":\"Accueil\",\"item\":\"https:\/\/dev.fedrs.eu\/fr\/\"},{\"@type\":\"ListItem\",\"position\":2,\"name\":\"Boutique\",\"item\":\"https:\/\/dev.fedrs.eu\/fr\/shop\/\"},{\"@type\":\"ListItem\",\"position\":3,\"name\":\"FEDRS Ice Cool Hard Lime\"}]},{\"@type\":\"WebSite\",\"@id\":\"https:\/\/dev.fedrs.eu\/fr\/#website\",\"url\":\"https:\/\/dev.fedrs.eu\/fr\/\",\"name\":\"fedrs.eu\",\"description\":\"\",\"publisher\":{\"@id\":\"https:\/\/dev.fedrs.eu\/fr\/#organization\"},\"potentialAction\":[{\"@type\":\"SearchAction\",\"target\":{\"@type\":\"EntryPoint\",\"urlTemplate\":\"https:\/\/dev.fedrs.eu\/fr\/?s={search_term_string}\"},\"query-input\":{\"@type\":\"PropertyValueSpecification\",\"valueRequired\":true,\"valueName\":\"search_term_string\"}}],\"inLanguage\":\"fr-FR\"},{\"@type\":\"Organization\",\"@id\":\"https:\/\/dev.fedrs.eu\/fr\/#organization\",\"name\":\"Fedrs sp.z o.o\",\"url\":\"https:\/\/dev.fedrs.eu\/fr\/\",\"logo\":{\"@type\":\"ImageObject\",\"inLanguage\":\"fr-FR\",\"@id\":\"https:\/\/dev.fedrs.eu\/fr\/#\/schema\/logo\/image\/\",\"url\":\"https:\/\/dev.fedrs.eu\/wp-content\/uploads\/2024\/12\/image-52.png\",\"contentUrl\":\"https:\/\/dev.fedrs.eu\/wp-content\/uploads\/2024\/12\/image-52.png\",\"width\":97,\"height\":30,\"caption\":\"Fedrs sp.z o.o\"},\"image\":{\"@id\":\"https:\/\/dev.fedrs.eu\/fr\/#\/schema\/logo\/image\/\"},\"publishingPrinciples\":\"https:\/\/dev.fedrs.eu\/terms-and-conditions\/\"}]}<\/script>\n<meta property=\"product:brand\" content=\"FEDRS Ice Cool Hard\" \/>\n<meta property=\"og:availability\" content=\"out of stock\" \/>\n<meta property=\"product:availability\" content=\"out of stock\" \/>\n<meta property=\"product:condition\" content=\"new\" \/>\n<!-- \/ Yoast SEO Premium plugin. -->","yoast_head_json":{"title":"FEDRS Ice Cool Hard Lime \u2013 Coup de fouet citronn\u00e9 & 65 mg\/g","description":"Un go\u00fbt intense de citron vert. FEDRS Ice Cool Lime est le choix ultime pour les amateurs d'agrumes en qu\u00eate de puissance extr\u00eame","robots":{"index":"noindex","follow":"follow","max-snippet":"max-snippet:-1","max-image-preview":"max-image-preview:large","max-video-preview":"max-video-preview:-1"},"og_locale":"fr_FR","og_type":"article","og_title":"FEDRS Ice Cool Hard Lime","og_description":"Un go\u00fbt intense de citron vert. FEDRS Ice Cool Lime est le choix ultime pour les amateurs d'agrumes en qu\u00eate de puissance extr\u00eame","og_url":"https:\/\/dev.fedrs.eu\/fr\/shop\/fedrs-ice-cool-hard-lime\/","og_site_name":"fedrs.eu","article_modified_time":"2025-09-17T11:52:17+00:00","og_image":[{"width":900,"height":900,"url":"https:\/\/dev.fedrs.eu\/wp-content\/uploads\/2025\/04\/lime_hard_005-1.png","type":"image\/png"}],"twitter_card":"summary_large_image","twitter_misc":{"Disponibilit\u00e9":"Rupture de stock"},"schema":{"@context":"https:\/\/schema.org","@graph":[{"@type":"WebPage","@id":"https:\/\/dev.fedrs.eu\/fr\/shop\/fedrs-ice-cool-hard-lime\/","url":"https:\/\/dev.fedrs.eu\/fr\/shop\/fedrs-ice-cool-hard-lime\/","name":"FEDRS Ice Cool Hard Lime \u2013 Coup de fouet citronn\u00e9 & 65 mg\/g","isPartOf":{"@id":"https:\/\/dev.fedrs.eu\/fr\/#website"},"primaryImageOfPage":{"@id":"https:\/\/dev.fedrs.eu\/fr\/shop\/fedrs-ice-cool-hard-lime\/#primaryimage"},"image":{"@id":"https:\/\/dev.fedrs.eu\/fr\/shop\/fedrs-ice-cool-hard-lime\/#primaryimage"},"thumbnailUrl":"https:\/\/dev.fedrs.eu\/wp-content\/uploads\/2025\/04\/lime_hard_005-1.png","datePublished":"2025-04-23T10:37:57+00:00","dateModified":"2025-09-17T11:52:17+00:00","description":"Un go\u00fbt intense de citron vert. FEDRS Ice Cool Lime est le choix ultime pour les amateurs d'agrumes en qu\u00eate de puissance extr\u00eame","breadcrumb":{"@id":"https:\/\/dev.fedrs.eu\/fr\/shop\/fedrs-ice-cool-hard-lime\/#breadcrumb"},"inLanguage":"fr-FR","potentialAction":[{"@type":"ReadAction","target":["https:\/\/dev.fedrs.eu\/fr\/shop\/fedrs-ice-cool-hard-lime\/"]}]},{"@type":"ImageObject","inLanguage":"fr-FR","@id":"https:\/\/dev.fedrs.eu\/fr\/shop\/fedrs-ice-cool-hard-lime\/#primaryimage","url":"https:\/\/dev.fedrs.eu\/wp-content\/uploads\/2025\/04\/lime_hard_005-1.png","contentUrl":"https:\/\/dev.fedrs.eu\/wp-content\/uploads\/2025\/04\/lime_hard_005-1.png","width":900,"height":900,"caption":"Fedrs Ice Cool Hard Lime"},{"@type":"BreadcrumbList","@id":"https:\/\/dev.fedrs.eu\/fr\/shop\/fedrs-ice-cool-hard-lime\/#breadcrumb","itemListElement":[{"@type":"ListItem","position":1,"name":"Accueil","item":"https:\/\/dev.fedrs.eu\/fr\/"},{"@type":"ListItem","position":2,"name":"Boutique","item":"https:\/\/dev.fedrs.eu\/fr\/shop\/"},{"@type":"ListItem","position":3,"name":"FEDRS Ice Cool Hard Lime"}]},{"@type":"WebSite","@id":"https:\/\/dev.fedrs.eu\/fr\/#website","url":"https:\/\/dev.fedrs.eu\/fr\/","name":"fedrs.eu","description":"","publisher":{"@id":"https:\/\/dev.fedrs.eu\/fr\/#organization"},"potentialAction":[{"@type":"SearchAction","target":{"@type":"EntryPoint","urlTemplate":"https:\/\/dev.fedrs.eu\/fr\/?s={search_term_string}"},"query-input":{"@type":"PropertyValueSpecification","valueRequired":true,"valueName":"search_term_string"}}],"inLanguage":"fr-FR"},{"@type":"Organization","@id":"https:\/\/dev.fedrs.eu\/fr\/#organization","name":"Fedrs sp.z o.o","url":"https:\/\/dev.fedrs.eu\/fr\/","logo":{"@type":"ImageObject","inLanguage":"fr-FR","@id":"https:\/\/dev.fedrs.eu\/fr\/#\/schema\/logo\/image\/","url":"https:\/\/dev.fedrs.eu\/wp-content\/uploads\/2024\/12\/image-52.png","contentUrl":"https:\/\/dev.fedrs.eu\/wp-content\/uploads\/2024\/12\/image-52.png","width":97,"height":30,"caption":"Fedrs sp.z o.o"},"image":{"@id":"https:\/\/dev.fedrs.eu\/fr\/#\/schema\/logo\/image\/"},"publishingPrinciples":"https:\/\/dev.fedrs.eu\/terms-and-conditions\/"}]},"product_brand":"FEDRS Ice Cool Hard","og_availability":"out of stock","product_availability":"out of stock","product_condition":"new"},"_links":{"self":[{"href":"https:\/\/dev.fedrs.eu\/fr\/wp-json\/wp\/v2\/product\/19714","targetHints":{"allow":["GET"]}}],"collection":[{"href":"https:\/\/dev.fedrs.eu\/fr\/wp-json\/wp\/v2\/product"}],"about":[{"href":"https:\/\/dev.fedrs.eu\/fr\/wp-json\/wp\/v2\/types\/product"}],"replies":[{"embeddable":true,"href":"https:\/\/dev.fedrs.eu\/fr\/wp-json\/wp\/v2\/comments?post=19714"}],"wp:featuredmedia":[{"embeddable":true,"href":"https:\/\/dev.fedrs.eu\/fr\/wp-json\/wp\/v2\/media\/19732"}],"wp:attachment":[{"href":"https:\/\/dev.fedrs.eu\/fr\/wp-json\/wp\/v2\/media?parent=19714"}],"wp:term":[{"taxonomy":"product_brand","embeddable":true,"href":"https:\/\/dev.fedrs.eu\/fr\/wp-json\/wp\/v2\/product_brand?post=19714"},{"taxonomy":"product_cat","embeddable":true,"href":"https:\/\/dev.fedrs.eu\/fr\/wp-json\/wp\/v2\/product_cat?post=19714"},{"taxonomy":"product_tag","embeddable":true,"href":"https:\/\/dev.fedrs.eu\/fr\/wp-json\/wp\/v2\/product_tag?post=19714"}],"curies":[{"name":"wp","href":"https:\/\/api.w.org\/{rel}","templated":true}]}}