{"id":19738,"date":"2025-04-23T13:11:00","date_gmt":"2025-04-23T11:11:00","guid":{"rendered":"https:\/\/fedrs.eu\/?post_type=product&#038;p=19738"},"modified":"2025-10-01T10:17:53","modified_gmt":"2025-10-01T08:17:53","slug":"fedrs-ice-cool-light-lime","status":"publish","type":"product","link":"https:\/\/dev.fedrs.eu\/fr\/shop\/fedrs-ice-cool-light-lime\/","title":{"rendered":"FEDRS Ice Cool Light Lime"},"content":{"rendered":"<p data-start=\"209\" data-end=\"488\"><g id=\"gid_0\">FEDRS Ice Cool Light Lime<\/g> apporte une exp\u00e9rience d&rsquo;agrumes croustillante et rafra\u00eechissante avec une dose de nicotine plus douce.<br data-start=\"316\" data-end=\"319\">Con\u00e7u pour ceux qui aiment le go\u00fbt audacieux du citron vert mais pr\u00e9f\u00e8rent une force plus l\u00e9g\u00e8re, ce sachet offre un m\u00e9lange \u00e9quilibr\u00e9 de saveur et de fra\u00eecheur - sans intensit\u00e9 \u00e9crasante.<\/p>\n<ul data-start=\"490\" data-end=\"596\">\n<li data-start=\"490\" data-end=\"522\">\n<p data-start=\"492\" data-end=\"522\">Go\u00fbt l\u00e9ger et rafra\u00eechissant de citron vert<\/p>\n<\/li>\n<li data-start=\"523\" data-end=\"562\">\n<p data-start=\"525\" data-end=\"562\">Diffusion douce et r\u00e9guli\u00e8re de la nicotine<\/p>\n<\/li>\n<li data-start=\"563\" data-end=\"596\">\n<p data-start=\"565\" data-end=\"596\">Id\u00e9al pour une utilisation d\u00e9contract\u00e9e ou tout au long de la journ\u00e9e<\/p>\n<\/li>\n<\/ul>\n<p data-start=\"598\" data-end=\"668\">D\u00e9couvrez le c\u00f4t\u00e9 frais des agrumes - <strong data-start=\"635\" data-end=\"667\">l\u00e9ger, frais et \u00e9nergisant<\/strong>.<\/p>\n","protected":false},"excerpt":{"rendered":"<div class=\"descrip_p\">\n<div class=\"product-pstyle\"><\/div>\n<p>Go\u00fbt profond de menthe, force douce<\/p>\n<\/div>\n","protected":false},"featured_media":19763,"comment_status":"open","ping_status":"closed","template":"","meta":{"googlesitekit_rrm_CAowmrG7DA:productID":""},"product_brand":[],"product_cat":[647,624,819,545],"product_tag":[],"class_list":{"0":"post-19738","1":"product","2":"type-product","3":"status-publish","4":"has-post-thumbnail","6":"product_cat-20-mg-g-fr","7":"product_cat-agrumes","8":"product_cat-sachets-de-nicotine","9":"product_cat-fedrs-ice-cool-fr","11":"first","12":"instock","13":"taxable","14":"shipping-taxable","15":"product-type-variable","16":"has-default-attributes"},"yoast_head":"<!-- This site is optimized with the Yoast SEO Premium plugin v26.5 (Yoast SEO v26.9) - https:\/\/yoast.com\/product\/yoast-seo-premium-wordpress\/ -->\n<title>FEDRS Ice Cool Light Lime - Fra\u00eecheur douce d&#039;agrumes<\/title>\n<meta name=\"description\" content=\"Appr\u00e9ciez le go\u00fbt du citron vert frais. FEDRS Ice Cool Light Lime est parfait pour les amateurs d&#039;agrumes qui souhaitent une exp\u00e9rience douce et rafra\u00eechissante.\" \/>\n<meta name=\"robots\" content=\"noindex, follow, max-snippet:-1, max-image-preview:large, max-video-preview:-1\" \/>\n<meta property=\"og:locale\" content=\"fr_FR\" \/>\n<meta property=\"og:type\" content=\"article\" \/>\n<meta property=\"og:title\" content=\"FEDRS Ice Cool Light Lime\" \/>\n<meta property=\"og:description\" content=\"Appr\u00e9ciez le go\u00fbt du citron vert frais. FEDRS Ice Cool Light Lime est parfait pour les amateurs d&#039;agrumes qui souhaitent une exp\u00e9rience douce et rafra\u00eechissante.\" \/>\n<meta property=\"og:url\" content=\"https:\/\/dev.fedrs.eu\/fr\/shop\/fedrs-ice-cool-light-lime\/\" \/>\n<meta property=\"og:site_name\" content=\"fedrs.eu\" \/>\n<meta property=\"article:modified_time\" content=\"2025-10-01T08:17:53+00:00\" \/>\n<meta property=\"og:image\" content=\"https:\/\/dev.fedrs.eu\/wp-content\/uploads\/2025\/04\/L_LIME_02.png\" \/>\n\t<meta property=\"og:image:width\" content=\"1200\" \/>\n\t<meta property=\"og:image:height\" content=\"1200\" \/>\n\t<meta property=\"og:image:type\" content=\"image\/png\" \/>\n<meta name=\"twitter:card\" content=\"summary_large_image\" \/>\n<meta name=\"twitter:label1\" content=\"Disponibilit\u00e9\" \/>\n\t<meta name=\"twitter:data1\" content=\"En stock\" \/>\n<script type=\"application\/ld+json\" class=\"yoast-schema-graph\">{\"@context\":\"https:\/\/schema.org\",\"@graph\":[{\"@type\":\"WebPage\",\"@id\":\"https:\/\/dev.fedrs.eu\/fr\/shop\/fedrs-ice-cool-light-lime\/\",\"url\":\"https:\/\/dev.fedrs.eu\/fr\/shop\/fedrs-ice-cool-light-lime\/\",\"name\":\"FEDRS Ice Cool Light Lime - Fra\u00eecheur douce d'agrumes\",\"isPartOf\":{\"@id\":\"https:\/\/dev.fedrs.eu\/fr\/#website\"},\"primaryImageOfPage\":{\"@id\":\"https:\/\/dev.fedrs.eu\/fr\/shop\/fedrs-ice-cool-light-lime\/#primaryimage\"},\"image\":{\"@id\":\"https:\/\/dev.fedrs.eu\/fr\/shop\/fedrs-ice-cool-light-lime\/#primaryimage\"},\"thumbnailUrl\":\"https:\/\/dev.fedrs.eu\/wp-content\/uploads\/2025\/04\/L_LIME_02.png\",\"datePublished\":\"2025-04-23T11:11:00+00:00\",\"dateModified\":\"2025-10-01T08:17:53+00:00\",\"description\":\"Appr\u00e9ciez le go\u00fbt du citron vert frais. FEDRS Ice Cool Light Lime est parfait pour les amateurs d'agrumes qui souhaitent une exp\u00e9rience douce et rafra\u00eechissante.\",\"breadcrumb\":{\"@id\":\"https:\/\/dev.fedrs.eu\/fr\/shop\/fedrs-ice-cool-light-lime\/#breadcrumb\"},\"inLanguage\":\"fr-FR\",\"potentialAction\":[{\"@type\":\"ReadAction\",\"target\":[\"https:\/\/dev.fedrs.eu\/fr\/shop\/fedrs-ice-cool-light-lime\/\"]}]},{\"@type\":\"ImageObject\",\"inLanguage\":\"fr-FR\",\"@id\":\"https:\/\/dev.fedrs.eu\/fr\/shop\/fedrs-ice-cool-light-lime\/#primaryimage\",\"url\":\"https:\/\/dev.fedrs.eu\/wp-content\/uploads\/2025\/04\/L_LIME_02.png\",\"contentUrl\":\"https:\/\/dev.fedrs.eu\/wp-content\/uploads\/2025\/04\/L_LIME_02.png\",\"width\":1200,\"height\":1200,\"caption\":\"FEDRS Ice Cool Light Lime\"},{\"@type\":\"BreadcrumbList\",\"@id\":\"https:\/\/dev.fedrs.eu\/fr\/shop\/fedrs-ice-cool-light-lime\/#breadcrumb\",\"itemListElement\":[{\"@type\":\"ListItem\",\"position\":1,\"name\":\"Accueil\",\"item\":\"https:\/\/dev.fedrs.eu\/fr\/\"},{\"@type\":\"ListItem\",\"position\":2,\"name\":\"Boutique\",\"item\":\"https:\/\/dev.fedrs.eu\/fr\/shop\/\"},{\"@type\":\"ListItem\",\"position\":3,\"name\":\"FEDRS Ice Cool Light Lime\"}]},{\"@type\":\"WebSite\",\"@id\":\"https:\/\/dev.fedrs.eu\/fr\/#website\",\"url\":\"https:\/\/dev.fedrs.eu\/fr\/\",\"name\":\"fedrs.eu\",\"description\":\"\",\"publisher\":{\"@id\":\"https:\/\/dev.fedrs.eu\/fr\/#organization\"},\"potentialAction\":[{\"@type\":\"SearchAction\",\"target\":{\"@type\":\"EntryPoint\",\"urlTemplate\":\"https:\/\/dev.fedrs.eu\/fr\/?s={search_term_string}\"},\"query-input\":{\"@type\":\"PropertyValueSpecification\",\"valueRequired\":true,\"valueName\":\"search_term_string\"}}],\"inLanguage\":\"fr-FR\"},{\"@type\":\"Organization\",\"@id\":\"https:\/\/dev.fedrs.eu\/fr\/#organization\",\"name\":\"Fedrs sp.z o.o\",\"url\":\"https:\/\/dev.fedrs.eu\/fr\/\",\"logo\":{\"@type\":\"ImageObject\",\"inLanguage\":\"fr-FR\",\"@id\":\"https:\/\/dev.fedrs.eu\/fr\/#\/schema\/logo\/image\/\",\"url\":\"https:\/\/dev.fedrs.eu\/wp-content\/uploads\/2024\/12\/image-52.png\",\"contentUrl\":\"https:\/\/dev.fedrs.eu\/wp-content\/uploads\/2024\/12\/image-52.png\",\"width\":97,\"height\":30,\"caption\":\"Fedrs sp.z o.o\"},\"image\":{\"@id\":\"https:\/\/dev.fedrs.eu\/fr\/#\/schema\/logo\/image\/\"},\"publishingPrinciples\":\"https:\/\/dev.fedrs.eu\/terms-and-conditions\/\"}]}<\/script>\n<meta property=\"product:brand\" content=\"FEDRS Ice Cool\" \/>\n<meta property=\"og:availability\" content=\"instock\" \/>\n<meta property=\"product:availability\" content=\"instock\" \/>\n<meta property=\"product:retailer_item_id\" content=\"04006-1\" \/>\n<meta property=\"product:condition\" content=\"new\" \/>\n<!-- \/ Yoast SEO Premium plugin. -->","yoast_head_json":{"title":"FEDRS Ice Cool Light Lime - Fra\u00eecheur douce d'agrumes","description":"Appr\u00e9ciez le go\u00fbt du citron vert frais. FEDRS Ice Cool Light Lime est parfait pour les amateurs d'agrumes qui souhaitent une exp\u00e9rience douce et rafra\u00eechissante.","robots":{"index":"noindex","follow":"follow","max-snippet":"max-snippet:-1","max-image-preview":"max-image-preview:large","max-video-preview":"max-video-preview:-1"},"og_locale":"fr_FR","og_type":"article","og_title":"FEDRS Ice Cool Light Lime","og_description":"Appr\u00e9ciez le go\u00fbt du citron vert frais. FEDRS Ice Cool Light Lime est parfait pour les amateurs d'agrumes qui souhaitent une exp\u00e9rience douce et rafra\u00eechissante.","og_url":"https:\/\/dev.fedrs.eu\/fr\/shop\/fedrs-ice-cool-light-lime\/","og_site_name":"fedrs.eu","article_modified_time":"2025-10-01T08:17:53+00:00","og_image":[{"width":1200,"height":1200,"url":"https:\/\/dev.fedrs.eu\/wp-content\/uploads\/2025\/04\/L_LIME_02.png","type":"image\/png"}],"twitter_card":"summary_large_image","twitter_misc":{"Disponibilit\u00e9":"En stock"},"schema":{"@context":"https:\/\/schema.org","@graph":[{"@type":"WebPage","@id":"https:\/\/dev.fedrs.eu\/fr\/shop\/fedrs-ice-cool-light-lime\/","url":"https:\/\/dev.fedrs.eu\/fr\/shop\/fedrs-ice-cool-light-lime\/","name":"FEDRS Ice Cool Light Lime - Fra\u00eecheur douce d'agrumes","isPartOf":{"@id":"https:\/\/dev.fedrs.eu\/fr\/#website"},"primaryImageOfPage":{"@id":"https:\/\/dev.fedrs.eu\/fr\/shop\/fedrs-ice-cool-light-lime\/#primaryimage"},"image":{"@id":"https:\/\/dev.fedrs.eu\/fr\/shop\/fedrs-ice-cool-light-lime\/#primaryimage"},"thumbnailUrl":"https:\/\/dev.fedrs.eu\/wp-content\/uploads\/2025\/04\/L_LIME_02.png","datePublished":"2025-04-23T11:11:00+00:00","dateModified":"2025-10-01T08:17:53+00:00","description":"Appr\u00e9ciez le go\u00fbt du citron vert frais. FEDRS Ice Cool Light Lime est parfait pour les amateurs d'agrumes qui souhaitent une exp\u00e9rience douce et rafra\u00eechissante.","breadcrumb":{"@id":"https:\/\/dev.fedrs.eu\/fr\/shop\/fedrs-ice-cool-light-lime\/#breadcrumb"},"inLanguage":"fr-FR","potentialAction":[{"@type":"ReadAction","target":["https:\/\/dev.fedrs.eu\/fr\/shop\/fedrs-ice-cool-light-lime\/"]}]},{"@type":"ImageObject","inLanguage":"fr-FR","@id":"https:\/\/dev.fedrs.eu\/fr\/shop\/fedrs-ice-cool-light-lime\/#primaryimage","url":"https:\/\/dev.fedrs.eu\/wp-content\/uploads\/2025\/04\/L_LIME_02.png","contentUrl":"https:\/\/dev.fedrs.eu\/wp-content\/uploads\/2025\/04\/L_LIME_02.png","width":1200,"height":1200,"caption":"FEDRS Ice Cool Light Lime"},{"@type":"BreadcrumbList","@id":"https:\/\/dev.fedrs.eu\/fr\/shop\/fedrs-ice-cool-light-lime\/#breadcrumb","itemListElement":[{"@type":"ListItem","position":1,"name":"Accueil","item":"https:\/\/dev.fedrs.eu\/fr\/"},{"@type":"ListItem","position":2,"name":"Boutique","item":"https:\/\/dev.fedrs.eu\/fr\/shop\/"},{"@type":"ListItem","position":3,"name":"FEDRS Ice Cool Light Lime"}]},{"@type":"WebSite","@id":"https:\/\/dev.fedrs.eu\/fr\/#website","url":"https:\/\/dev.fedrs.eu\/fr\/","name":"fedrs.eu","description":"","publisher":{"@id":"https:\/\/dev.fedrs.eu\/fr\/#organization"},"potentialAction":[{"@type":"SearchAction","target":{"@type":"EntryPoint","urlTemplate":"https:\/\/dev.fedrs.eu\/fr\/?s={search_term_string}"},"query-input":{"@type":"PropertyValueSpecification","valueRequired":true,"valueName":"search_term_string"}}],"inLanguage":"fr-FR"},{"@type":"Organization","@id":"https:\/\/dev.fedrs.eu\/fr\/#organization","name":"Fedrs sp.z o.o","url":"https:\/\/dev.fedrs.eu\/fr\/","logo":{"@type":"ImageObject","inLanguage":"fr-FR","@id":"https:\/\/dev.fedrs.eu\/fr\/#\/schema\/logo\/image\/","url":"https:\/\/dev.fedrs.eu\/wp-content\/uploads\/2024\/12\/image-52.png","contentUrl":"https:\/\/dev.fedrs.eu\/wp-content\/uploads\/2024\/12\/image-52.png","width":97,"height":30,"caption":"Fedrs sp.z o.o"},"image":{"@id":"https:\/\/dev.fedrs.eu\/fr\/#\/schema\/logo\/image\/"},"publishingPrinciples":"https:\/\/dev.fedrs.eu\/terms-and-conditions\/"}]},"product_brand":"FEDRS Ice Cool","og_availability":"instock","product_availability":"instock","product_retailer_item_id":"04006-1","product_condition":"new"},"_links":{"self":[{"href":"https:\/\/dev.fedrs.eu\/fr\/wp-json\/wp\/v2\/product\/19738","targetHints":{"allow":["GET"]}}],"collection":[{"href":"https:\/\/dev.fedrs.eu\/fr\/wp-json\/wp\/v2\/product"}],"about":[{"href":"https:\/\/dev.fedrs.eu\/fr\/wp-json\/wp\/v2\/types\/product"}],"replies":[{"embeddable":true,"href":"https:\/\/dev.fedrs.eu\/fr\/wp-json\/wp\/v2\/comments?post=19738"}],"wp:featuredmedia":[{"embeddable":true,"href":"https:\/\/dev.fedrs.eu\/fr\/wp-json\/wp\/v2\/media\/19763"}],"wp:attachment":[{"href":"https:\/\/dev.fedrs.eu\/fr\/wp-json\/wp\/v2\/media?parent=19738"}],"wp:term":[{"taxonomy":"product_brand","embeddable":true,"href":"https:\/\/dev.fedrs.eu\/fr\/wp-json\/wp\/v2\/product_brand?post=19738"},{"taxonomy":"product_cat","embeddable":true,"href":"https:\/\/dev.fedrs.eu\/fr\/wp-json\/wp\/v2\/product_cat?post=19738"},{"taxonomy":"product_tag","embeddable":true,"href":"https:\/\/dev.fedrs.eu\/fr\/wp-json\/wp\/v2\/product_tag?post=19738"}],"curies":[{"name":"wp","href":"https:\/\/api.w.org\/{rel}","templated":true}]}}