{"id":19963,"date":"2025-04-24T11:29:06","date_gmt":"2025-04-24T09:29:06","guid":{"rendered":"https:\/\/fedrs.eu\/?post_type=product&#038;p=19963"},"modified":"2025-08-20T04:37:16","modified_gmt":"2025-08-20T02:37:16","slug":"fedrs-ice-cool-x-strong-bubble-gum","status":"publish","type":"product","link":"https:\/\/dev.fedrs.eu\/fr\/shop\/fedrs-ice-cool-x-strong-bubble-gum\/","title":{"rendered":"FEDRS Ice Cool X-Strong Bubble Gum"},"content":{"rendered":"<p data-start=\"208\" data-end=\"505\"><strong data-start=\"208\" data-end=\"231\">POP. FREEZE. PUNCH. <\/strong><br data-start=\"231\" data-end=\"234\" \/>Ce n&rsquo;est pas le chewing-gum de votre enfance. Le chewing-gum Ice Cool X-Strong des FEDRS est une douce nostalgie avec un souffle glacial et une dose de nicotine impressionnante. C&rsquo;est brillant, audacieux et r\u00e9solument fort - con\u00e7u pour les amateurs de sensations fortes qui aiment les saveurs fortes et les coups plus forts.<\/p>\n<ul data-start=\"507\" data-end=\"651\">\n<li data-start=\"507\" data-end=\"537\">\n<p data-start=\"509\" data-end=\"537\">Le chewing-gum qui mord \u00e0 l&rsquo;hame\u00e7on<\/p>\n<\/li>\n<li data-start=\"538\" data-end=\"571\">\n<p data-start=\"540\" data-end=\"571\">Fra\u00eecheur arctique persistante<\/p>\n<\/li>\n<li data-start=\"572\" data-end=\"617\">\n<p data-start=\"574\" data-end=\"617\">La nicotine X-strong pour un impact total<\/p>\n<\/li>\n<li data-start=\"618\" data-end=\"651\">\n<p data-start=\"620\" data-end=\"651\">Pas pour les d\u00e9butants - seulement pour les professionnels<\/p>\n<\/li>\n<\/ul>\n<p data-start=\"653\" data-end=\"700\">Go\u00fbtez \u00e0 l&rsquo;excitation. Sentez le froid. Appropriez-vous l&rsquo;instant.<\/p>\n","protected":false},"excerpt":{"rendered":"<div class=\"descrip_p\">\n<div class=\"product-pstyle\"><\/div>\n<p>&nbsp;<\/p>\n<\/div>\n","protected":false},"featured_media":19971,"comment_status":"open","ping_status":"closed","template":"","meta":{"googlesitekit_rrm_CAowmrG7DA:productID":""},"product_brand":[],"product_cat":[697,609,819,560,545],"product_tag":[],"class_list":{"0":"post-19963","1":"product","2":"type-product","3":"status-publish","4":"has-post-thumbnail","6":"product_cat-50-mg-g-fr","7":"product_cat-nouveau","8":"product_cat-sachets-de-nicotine","9":"product_cat-fruits-fr","10":"product_cat-fedrs-ice-cool-fr","12":"first","13":"outofstock","14":"taxable","15":"shipping-taxable","16":"product-type-variable","17":"has-default-attributes"},"yoast_head":"<!-- This site is optimized with the Yoast SEO Premium plugin v26.5 (Yoast SEO v26.9) - https:\/\/yoast.com\/product\/yoast-seo-premium-wordpress\/ -->\n<title>FEDRS Ice Cool X-Strong Bubble Gum - Saveur sucr\u00e9e<\/title>\n<meta name=\"description\" content=\"Ce n&#039;est pas un sachet ordinaire. Un go\u00fbt explosif de bubble gum rencontre une intensit\u00e9 glac\u00e9e et une nicotine extr\u00eame. R\u00e9serv\u00e9 aux pros. Ressentez l&#039;excitation.\" \/>\n<meta name=\"robots\" content=\"noindex, follow, max-snippet:-1, max-image-preview:large, max-video-preview:-1\" \/>\n<meta property=\"og:locale\" content=\"fr_FR\" \/>\n<meta property=\"og:type\" content=\"article\" \/>\n<meta property=\"og:title\" content=\"FEDRS Ice Cool X-Strong Bubble Gum\" \/>\n<meta property=\"og:description\" content=\"Ce n&#039;est pas un sachet ordinaire. Un go\u00fbt explosif de bubble gum rencontre une intensit\u00e9 glac\u00e9e et une nicotine extr\u00eame. R\u00e9serv\u00e9 aux pros. Ressentez l&#039;excitation.\" \/>\n<meta property=\"og:url\" content=\"https:\/\/dev.fedrs.eu\/fr\/shop\/fedrs-ice-cool-x-strong-bubble-gum\/\" \/>\n<meta property=\"og:site_name\" content=\"fedrs.eu\" \/>\n<meta property=\"article:modified_time\" content=\"2025-08-20T02:37:16+00:00\" \/>\n<meta property=\"og:image\" content=\"https:\/\/dev.fedrs.eu\/wp-content\/uploads\/2025\/04\/XS_CBUBBLE_GUM_02.png\" \/>\n\t<meta property=\"og:image:width\" content=\"1200\" \/>\n\t<meta property=\"og:image:height\" content=\"1200\" \/>\n\t<meta property=\"og:image:type\" content=\"image\/png\" \/>\n<meta name=\"twitter:card\" content=\"summary_large_image\" \/>\n<meta name=\"twitter:label1\" content=\"Disponibilit\u00e9\" \/>\n\t<meta name=\"twitter:data1\" content=\"Rupture de stock\" \/>\n<script type=\"application\/ld+json\" class=\"yoast-schema-graph\">{\"@context\":\"https:\/\/schema.org\",\"@graph\":[{\"@type\":\"WebPage\",\"@id\":\"https:\/\/dev.fedrs.eu\/fr\/shop\/fedrs-ice-cool-x-strong-bubble-gum\/\",\"url\":\"https:\/\/dev.fedrs.eu\/fr\/shop\/fedrs-ice-cool-x-strong-bubble-gum\/\",\"name\":\"FEDRS Ice Cool X-Strong Bubble Gum - Saveur sucr\u00e9e\",\"isPartOf\":{\"@id\":\"https:\/\/dev.fedrs.eu\/fr\/#website\"},\"primaryImageOfPage\":{\"@id\":\"https:\/\/dev.fedrs.eu\/fr\/shop\/fedrs-ice-cool-x-strong-bubble-gum\/#primaryimage\"},\"image\":{\"@id\":\"https:\/\/dev.fedrs.eu\/fr\/shop\/fedrs-ice-cool-x-strong-bubble-gum\/#primaryimage\"},\"thumbnailUrl\":\"https:\/\/dev.fedrs.eu\/wp-content\/uploads\/2025\/04\/XS_CBUBBLE_GUM_02.png\",\"datePublished\":\"2025-04-24T09:29:06+00:00\",\"dateModified\":\"2025-08-20T02:37:16+00:00\",\"description\":\"Ce n'est pas un sachet ordinaire. Un go\u00fbt explosif de bubble gum rencontre une intensit\u00e9 glac\u00e9e et une nicotine extr\u00eame. R\u00e9serv\u00e9 aux pros. Ressentez l'excitation.\",\"breadcrumb\":{\"@id\":\"https:\/\/dev.fedrs.eu\/fr\/shop\/fedrs-ice-cool-x-strong-bubble-gum\/#breadcrumb\"},\"inLanguage\":\"fr-FR\",\"potentialAction\":[{\"@type\":\"ReadAction\",\"target\":[\"https:\/\/dev.fedrs.eu\/fr\/shop\/fedrs-ice-cool-x-strong-bubble-gum\/\"]}]},{\"@type\":\"ImageObject\",\"inLanguage\":\"fr-FR\",\"@id\":\"https:\/\/dev.fedrs.eu\/fr\/shop\/fedrs-ice-cool-x-strong-bubble-gum\/#primaryimage\",\"url\":\"https:\/\/dev.fedrs.eu\/wp-content\/uploads\/2025\/04\/XS_CBUBBLE_GUM_02.png\",\"contentUrl\":\"https:\/\/dev.fedrs.eu\/wp-content\/uploads\/2025\/04\/XS_CBUBBLE_GUM_02.png\",\"width\":1200,\"height\":1200,\"caption\":\"FEDRS Ice Cool X-Strong Bubble Gum\"},{\"@type\":\"BreadcrumbList\",\"@id\":\"https:\/\/dev.fedrs.eu\/fr\/shop\/fedrs-ice-cool-x-strong-bubble-gum\/#breadcrumb\",\"itemListElement\":[{\"@type\":\"ListItem\",\"position\":1,\"name\":\"Accueil\",\"item\":\"https:\/\/dev.fedrs.eu\/fr\/\"},{\"@type\":\"ListItem\",\"position\":2,\"name\":\"Boutique\",\"item\":\"https:\/\/dev.fedrs.eu\/fr\/shop\/\"},{\"@type\":\"ListItem\",\"position\":3,\"name\":\"FEDRS Ice Cool X-Strong Bubble Gum\"}]},{\"@type\":\"WebSite\",\"@id\":\"https:\/\/dev.fedrs.eu\/fr\/#website\",\"url\":\"https:\/\/dev.fedrs.eu\/fr\/\",\"name\":\"fedrs.eu\",\"description\":\"\",\"publisher\":{\"@id\":\"https:\/\/dev.fedrs.eu\/fr\/#organization\"},\"potentialAction\":[{\"@type\":\"SearchAction\",\"target\":{\"@type\":\"EntryPoint\",\"urlTemplate\":\"https:\/\/dev.fedrs.eu\/fr\/?s={search_term_string}\"},\"query-input\":{\"@type\":\"PropertyValueSpecification\",\"valueRequired\":true,\"valueName\":\"search_term_string\"}}],\"inLanguage\":\"fr-FR\"},{\"@type\":\"Organization\",\"@id\":\"https:\/\/dev.fedrs.eu\/fr\/#organization\",\"name\":\"Fedrs sp.z o.o\",\"url\":\"https:\/\/dev.fedrs.eu\/fr\/\",\"logo\":{\"@type\":\"ImageObject\",\"inLanguage\":\"fr-FR\",\"@id\":\"https:\/\/dev.fedrs.eu\/fr\/#\/schema\/logo\/image\/\",\"url\":\"https:\/\/dev.fedrs.eu\/wp-content\/uploads\/2024\/12\/image-52.png\",\"contentUrl\":\"https:\/\/dev.fedrs.eu\/wp-content\/uploads\/2024\/12\/image-52.png\",\"width\":97,\"height\":30,\"caption\":\"Fedrs sp.z o.o\"},\"image\":{\"@id\":\"https:\/\/dev.fedrs.eu\/fr\/#\/schema\/logo\/image\/\"},\"publishingPrinciples\":\"https:\/\/dev.fedrs.eu\/terms-and-conditions\/\"}]}<\/script>\n<meta property=\"product:brand\" content=\"FEDRS Ice Cool\" \/>\n<meta property=\"og:availability\" content=\"out of stock\" \/>\n<meta property=\"product:availability\" content=\"out of stock\" \/>\n<meta property=\"product:condition\" content=\"new\" \/>\n<!-- \/ Yoast SEO Premium plugin. -->","yoast_head_json":{"title":"FEDRS Ice Cool X-Strong Bubble Gum - Saveur sucr\u00e9e","description":"Ce n'est pas un sachet ordinaire. Un go\u00fbt explosif de bubble gum rencontre une intensit\u00e9 glac\u00e9e et une nicotine extr\u00eame. R\u00e9serv\u00e9 aux pros. Ressentez l'excitation.","robots":{"index":"noindex","follow":"follow","max-snippet":"max-snippet:-1","max-image-preview":"max-image-preview:large","max-video-preview":"max-video-preview:-1"},"og_locale":"fr_FR","og_type":"article","og_title":"FEDRS Ice Cool X-Strong Bubble Gum","og_description":"Ce n'est pas un sachet ordinaire. Un go\u00fbt explosif de bubble gum rencontre une intensit\u00e9 glac\u00e9e et une nicotine extr\u00eame. R\u00e9serv\u00e9 aux pros. Ressentez l'excitation.","og_url":"https:\/\/dev.fedrs.eu\/fr\/shop\/fedrs-ice-cool-x-strong-bubble-gum\/","og_site_name":"fedrs.eu","article_modified_time":"2025-08-20T02:37:16+00:00","og_image":[{"width":1200,"height":1200,"url":"https:\/\/dev.fedrs.eu\/wp-content\/uploads\/2025\/04\/XS_CBUBBLE_GUM_02.png","type":"image\/png"}],"twitter_card":"summary_large_image","twitter_misc":{"Disponibilit\u00e9":"Rupture de stock"},"schema":{"@context":"https:\/\/schema.org","@graph":[{"@type":"WebPage","@id":"https:\/\/dev.fedrs.eu\/fr\/shop\/fedrs-ice-cool-x-strong-bubble-gum\/","url":"https:\/\/dev.fedrs.eu\/fr\/shop\/fedrs-ice-cool-x-strong-bubble-gum\/","name":"FEDRS Ice Cool X-Strong Bubble Gum - Saveur sucr\u00e9e","isPartOf":{"@id":"https:\/\/dev.fedrs.eu\/fr\/#website"},"primaryImageOfPage":{"@id":"https:\/\/dev.fedrs.eu\/fr\/shop\/fedrs-ice-cool-x-strong-bubble-gum\/#primaryimage"},"image":{"@id":"https:\/\/dev.fedrs.eu\/fr\/shop\/fedrs-ice-cool-x-strong-bubble-gum\/#primaryimage"},"thumbnailUrl":"https:\/\/dev.fedrs.eu\/wp-content\/uploads\/2025\/04\/XS_CBUBBLE_GUM_02.png","datePublished":"2025-04-24T09:29:06+00:00","dateModified":"2025-08-20T02:37:16+00:00","description":"Ce n'est pas un sachet ordinaire. Un go\u00fbt explosif de bubble gum rencontre une intensit\u00e9 glac\u00e9e et une nicotine extr\u00eame. R\u00e9serv\u00e9 aux pros. Ressentez l'excitation.","breadcrumb":{"@id":"https:\/\/dev.fedrs.eu\/fr\/shop\/fedrs-ice-cool-x-strong-bubble-gum\/#breadcrumb"},"inLanguage":"fr-FR","potentialAction":[{"@type":"ReadAction","target":["https:\/\/dev.fedrs.eu\/fr\/shop\/fedrs-ice-cool-x-strong-bubble-gum\/"]}]},{"@type":"ImageObject","inLanguage":"fr-FR","@id":"https:\/\/dev.fedrs.eu\/fr\/shop\/fedrs-ice-cool-x-strong-bubble-gum\/#primaryimage","url":"https:\/\/dev.fedrs.eu\/wp-content\/uploads\/2025\/04\/XS_CBUBBLE_GUM_02.png","contentUrl":"https:\/\/dev.fedrs.eu\/wp-content\/uploads\/2025\/04\/XS_CBUBBLE_GUM_02.png","width":1200,"height":1200,"caption":"FEDRS Ice Cool X-Strong Bubble Gum"},{"@type":"BreadcrumbList","@id":"https:\/\/dev.fedrs.eu\/fr\/shop\/fedrs-ice-cool-x-strong-bubble-gum\/#breadcrumb","itemListElement":[{"@type":"ListItem","position":1,"name":"Accueil","item":"https:\/\/dev.fedrs.eu\/fr\/"},{"@type":"ListItem","position":2,"name":"Boutique","item":"https:\/\/dev.fedrs.eu\/fr\/shop\/"},{"@type":"ListItem","position":3,"name":"FEDRS Ice Cool X-Strong Bubble Gum"}]},{"@type":"WebSite","@id":"https:\/\/dev.fedrs.eu\/fr\/#website","url":"https:\/\/dev.fedrs.eu\/fr\/","name":"fedrs.eu","description":"","publisher":{"@id":"https:\/\/dev.fedrs.eu\/fr\/#organization"},"potentialAction":[{"@type":"SearchAction","target":{"@type":"EntryPoint","urlTemplate":"https:\/\/dev.fedrs.eu\/fr\/?s={search_term_string}"},"query-input":{"@type":"PropertyValueSpecification","valueRequired":true,"valueName":"search_term_string"}}],"inLanguage":"fr-FR"},{"@type":"Organization","@id":"https:\/\/dev.fedrs.eu\/fr\/#organization","name":"Fedrs sp.z o.o","url":"https:\/\/dev.fedrs.eu\/fr\/","logo":{"@type":"ImageObject","inLanguage":"fr-FR","@id":"https:\/\/dev.fedrs.eu\/fr\/#\/schema\/logo\/image\/","url":"https:\/\/dev.fedrs.eu\/wp-content\/uploads\/2024\/12\/image-52.png","contentUrl":"https:\/\/dev.fedrs.eu\/wp-content\/uploads\/2024\/12\/image-52.png","width":97,"height":30,"caption":"Fedrs sp.z o.o"},"image":{"@id":"https:\/\/dev.fedrs.eu\/fr\/#\/schema\/logo\/image\/"},"publishingPrinciples":"https:\/\/dev.fedrs.eu\/terms-and-conditions\/"}]},"product_brand":"FEDRS Ice Cool","og_availability":"out of stock","product_availability":"out of stock","product_condition":"new"},"_links":{"self":[{"href":"https:\/\/dev.fedrs.eu\/fr\/wp-json\/wp\/v2\/product\/19963","targetHints":{"allow":["GET"]}}],"collection":[{"href":"https:\/\/dev.fedrs.eu\/fr\/wp-json\/wp\/v2\/product"}],"about":[{"href":"https:\/\/dev.fedrs.eu\/fr\/wp-json\/wp\/v2\/types\/product"}],"replies":[{"embeddable":true,"href":"https:\/\/dev.fedrs.eu\/fr\/wp-json\/wp\/v2\/comments?post=19963"}],"wp:featuredmedia":[{"embeddable":true,"href":"https:\/\/dev.fedrs.eu\/fr\/wp-json\/wp\/v2\/media\/19971"}],"wp:attachment":[{"href":"https:\/\/dev.fedrs.eu\/fr\/wp-json\/wp\/v2\/media?parent=19963"}],"wp:term":[{"taxonomy":"product_brand","embeddable":true,"href":"https:\/\/dev.fedrs.eu\/fr\/wp-json\/wp\/v2\/product_brand?post=19963"},{"taxonomy":"product_cat","embeddable":true,"href":"https:\/\/dev.fedrs.eu\/fr\/wp-json\/wp\/v2\/product_cat?post=19963"},{"taxonomy":"product_tag","embeddable":true,"href":"https:\/\/dev.fedrs.eu\/fr\/wp-json\/wp\/v2\/product_tag?post=19963"}],"curies":[{"name":"wp","href":"https:\/\/api.w.org\/{rel}","templated":true}]}}